{"id":2359,"date":"2020-03-03T12:33:43","date_gmt":"2020-03-03T11:33:43","guid":{"rendered":"http:\/\/wvvlrkqwa.cyon.link\/de\/?page_id=2359"},"modified":"2020-05-05T08:13:31","modified_gmt":"2020-05-05T06:13:31","slug":"dienstleistungen","status":"publish","type":"page","link":"https:\/\/cupolux.ch\/de\/dienstleistungen\/","title":{"rendered":"Dienstleistungen"},"content":{"rendered":"<div id=\"pl-2359\"  class=\"panel-layout\" ><div id=\"pg-2359-0\"  class=\"panel-grid panel-no-style\" ><div id=\"pgc-2359-0-0\"  class=\"panel-grid-cell\" ><div id=\"panel-2359-0-0-0\" class=\"so-panel widget widget_cupoluxheaderimage-widget panel-first-child panel-last-child\" data-index=\"0\" ><div\n\t\t\t\n\t\t\tclass=\"so-widget-cupoluxheaderimage-widget so-widget-cupoluxheaderimage-widget-base\"\n\t\t\t\n\t\t>\n    <div class=\"headerimage  uk-cover-container\" style=\"background-image: url(https:\/\/cupolux.ch\/de\/wp-content\/uploads\/sites\/2\/cupolux_1_2014_334.jpg);\">\n        <div class=\"headerimageOverlay \"><\/div>\n        <div class=\"uk-overlay uk-light uk-position-bottom headerimageText\">\n            <div class=\"uk-container\">\n                <h3 class=\"headerimageTitleSmall\">Antworten.<\/h3>\n                <h1 class=\"headerimageTitle \">Und langfristige Unterst\u00fctzung.<\/h1>                            <\/div>\n        <\/div>\n    <\/div>\n    <\/div><\/div><\/div><\/div><div id=\"pg-2359-1\"  class=\"panel-grid panel-no-style\" ><div id=\"pgc-2359-1-0\"  class=\"panel-grid-cell\" ><div id=\"panel-2359-1-0-0\" class=\"so-panel widget widget_cupoluxcontentspacer-widget panel-first-child\" data-index=\"1\" ><div\n\t\t\t\n\t\t\tclass=\"so-widget-cupoluxcontentspacer-widget so-widget-cupoluxcontentspacer-widget-base\"\n\t\t\t\n\t\t>    <div class=\"contentspacer-large\"><\/div>\n<\/div><\/div><div id=\"panel-2359-1-0-1\" class=\"so-panel widget widget_cupoluxtextblock-widget\" data-index=\"2\" ><div\n\t\t\t\n\t\t\tclass=\"so-widget-cupoluxtextblock-widget so-widget-cupoluxtextblock-widget-base\"\n\t\t\t\n\t\t><div class=\"uk-container\">\n                            <div class=\"textblock textblock_1 textblocksize_1\">Ob bei der Planung, beim Einbau oder im Betrieb: Bei Cupolux k\u00f6nnen Sie sich jederzeit auf die Unterst\u00fctzung durch kompetente Fachleute verlassen. Zum Beispiel bei der Tageslicht- und W\u00e4rmeberechnung aufgrund Ihrer Pl\u00e4ne oder bei der Konzeption von Rauch- und W\u00e4rmeabzugssystemen. <\/div>\n    <\/div>\n<\/div><\/div><div id=\"panel-2359-1-0-2\" class=\"so-panel widget widget_cupoluxcontentspacer-widget\" data-index=\"3\" ><div\n\t\t\t\n\t\t\tclass=\"so-widget-cupoluxcontentspacer-widget so-widget-cupoluxcontentspacer-widget-base\"\n\t\t\t\n\t\t>    <div class=\"contentspacer-medium\"><\/div>\n<\/div><\/div><div id=\"panel-2359-1-0-3\" class=\"so-panel widget widget_cupoluxvideo-widget\" data-index=\"4\" ><div\n\t\t\t\n\t\t\tclass=\"so-widget-cupoluxvideo-widget so-widget-cupoluxvideo-widget-base\"\n\t\t\t\n\t\t>\n        <div class=\"uk-container\">\n            <div class=\"video\">\n                <div uk-grid class=\"uk-grid-small\">\n                                                                <div class=\"videoItem  uk-width-1-2@m\" style=\"display: block\">\n                                            <img decoding=\"async\" src=\"https:\/\/cupolux.ch\/de\/wp-content\/uploads\/sites\/2\/cupolux_1_2014_360-1.jpg\">\n                                    <\/div>\n                                            <div class=\"videoItem  uk-width-1-2@m\" style=\"display: block\">\n                                            <img decoding=\"async\" src=\"https:\/\/cupolux.ch\/de\/wp-content\/uploads\/sites\/2\/cupolux_1_2014_123.jpg\">\n                                    <\/div>\n                                    <\/div>\n                                            <\/div>\n        <\/div>\n        <\/div><\/div><div id=\"panel-2359-1-0-4\" class=\"so-panel widget widget_cupoluxcontentspacer-widget panel-last-child\" data-index=\"5\" ><div\n\t\t\t\n\t\t\tclass=\"so-widget-cupoluxcontentspacer-widget so-widget-cupoluxcontentspacer-widget-base\"\n\t\t\t\n\t\t>    <div class=\"contentspacer-medium\"><\/div>\n<\/div><\/div><\/div><\/div><div id=\"pg-2359-2\"  class=\"panel-grid panel-has-style\" ><div class=\"pv siteorigin-panels-stretch panel-row-style panel-row-style-for-2359-2\" data-stretch-type=\"full\" ><div id=\"pgc-2359-2-0\"  class=\"panel-grid-cell\" ><div id=\"panel-2359-2-0-0\" class=\"so-panel widget widget_cupoluxproduktvorteile-widget panel-first-child\" data-index=\"6\" ><div\n\t\t\t\n\t\t\tclass=\"so-widget-cupoluxproduktvorteile-widget so-widget-cupoluxproduktvorteile-widget-base\"\n\t\t\t\n\t\t>\n                    <div class=\"uk-container uk-text-center\">\n                                    <div class=\"pvItem\">\n                        <div class=\"pvItemImg\"><img decoding=\"async\" src=\"\"><\/div>\n                        <div class=\"pvItemTitle\">Von der Lichtberechnung bis zum Design<\/div>\n                        <div class=\"pvItemText\">Wann immer Sie Fragen zu Tageslicht-, L\u00fcftungs- und RWA-Systemen haben: Unsere Spezialisten kommen zu Ihnen, um alles zu besprechen. Denn am besten lassen sich Ihre Ideen vor Ort diskutieren. So sind Sie sicher vor \u00dcberraschungen \u2013 und haben die Gewissheit, dass die Cupolux-L\u00f6sung genau Ihren Vorstellungen entspricht.<br \/>\r\n<br \/>\r\nKontaktieren Sie uns f\u00fcr:<br \/>\r\n- Baubesichtigungen, Aufnahme vor Ort<br \/>\r\n- Sanierungskonzepte<br \/>\r\n- Kostenvoranschlag\/Offerten<br \/>\r\n- Lichtberechnungen<br \/>\r\n- Detailberatungen und Detaill\u00f6sungen<br \/>\r\n- Projektierung\/Ausschreibungen<br \/>\r\n- CAD-Details<br \/>\r\n- Montageanleitungen<\/div>\n                    <\/div>\n                                        <div class=\"pvItem\">\n                        <div class=\"pvItemImg\"><img decoding=\"async\" src=\"\"><\/div>\n                        <div class=\"pvItemTitle\">Verantwortungsbeswusste Herstellung und Wartung<\/div>\n                        <div class=\"pvItemText\">Gerade bei Rauch- und W\u00e4rmeabzug-Systemen kann die perfekte Funktion lebenswichtig sein. Deshalb m\u00fcssen sie regelm\u00e4ssig \u00fcberpr\u00fcft und gewartet werden. Cupolux ist in der ganzen Schweiz pr\u00e4sent und mit ihren Fachleuten sofort vor Ort. Umfassende Garantieleistungen, schnelle Reparaturen, verantwortungsbewusste Wartung \u2013 f\u00fcr Cupolux sind das Selbstverst\u00e4ndlichkeiten.<br \/>\r\n<br \/>\r\nNehmen Sie unsere Dienstleistungen in Anspruch:<br \/>\r\n- Abnahme und Inbetriebnahme von RWA-Anlagen durch geschultes Fachpersonal (Elektriker)<br \/>\r\n- Wartung der RWA-Anlagen<br \/>\r\n- Reparaturen<br \/>\r\n- Schnelle und unkomplizierte Abwicklung<\/div>\n                    <\/div>\n                                <\/div>\n            <div class=\"contentspacer-small\"><\/div>\n        \n        <\/div><\/div><div id=\"panel-2359-2-0-1\" class=\"so-panel widget widget_cupoluxcontentspacer-widget\" data-index=\"7\" ><div\n\t\t\t\n\t\t\tclass=\"so-widget-cupoluxcontentspacer-widget so-widget-cupoluxcontentspacer-widget-base\"\n\t\t\t\n\t\t>    <div class=\"contentspacer-verysmall\"><\/div>\n<\/div><\/div><div id=\"panel-2359-2-0-2\" class=\"so-panel widget widget_cupoluxbutton-widget\" data-index=\"8\" ><div\n\t\t\t\n\t\t\tclass=\"so-widget-cupoluxbutton-widget so-widget-cupoluxbutton-widget-base\"\n\t\t\t\n\t\t>        <div class=\"uk-container uk-text-center button button_2\"><a  href=\"https:\/\/cupolux.ch\/de\/funktionzubehoer\/rwa\/\">Mehr \u00fcber RWA<\/a><\/div>\n        <\/div><\/div><div id=\"panel-2359-2-0-3\" class=\"so-panel widget widget_cupoluxcontentspacer-widget panel-last-child\" data-index=\"9\" ><div\n\t\t\t\n\t\t\tclass=\"so-widget-cupoluxcontentspacer-widget so-widget-cupoluxcontentspacer-widget-base\"\n\t\t\t\n\t\t>    <div class=\"contentspacer-large\"><\/div>\n<\/div><\/div><\/div><\/div><\/div><\/div>","protected":false},"excerpt":{"rendered":"<p>Antworten. Und langfristige Unterst\u00fctzung. Ob bei der Planung, beim Einbau oder im Betrieb: Bei Cupolux k\u00f6nnen Sie sich jederzeit auf die Unterst\u00fctzung durch kompetente Fachleute verlassen. Zum Beispiel bei der Tageslicht- und W\u00e4rmeberechnung aufgrund Ihrer Pl\u00e4ne oder bei der Konzeption von Rauch- und W\u00e4rmeabzugssystemen. Von der Lichtberechnung bis zum Design Wann immer Sie Fragen zu [&hellip;]<\/p>\n","protected":false},"author":4,"featured_media":0,"parent":0,"menu_order":35,"comment_status":"closed","ping_status":"closed","template":"","meta":{"footnotes":""},"class_list":["post-2359","page","type-page","status-publish","hentry"],"yoast_head":"<!-- This site is optimized with the Yoast SEO plugin v26.0 - https:\/\/yoast.com\/wordpress\/plugins\/seo\/ -->\n<title>Dienstleistungen - Cupolux<\/title>\n<meta name=\"robots\" content=\"index, follow, max-snippet:-1, max-image-preview:large, max-video-preview:-1\" \/>\n<link rel=\"canonical\" href=\"https:\/\/cupolux.ch\/de\/dienstleistungen\/\" \/>\n<meta property=\"og:locale\" content=\"de_DE\" \/>\n<meta property=\"og:type\" content=\"article\" \/>\n<meta property=\"og:title\" content=\"Dienstleistungen - Cupolux\" \/>\n<meta property=\"og:description\" content=\"Antworten. Und langfristige Unterst\u00fctzung. Ob bei der Planung, beim Einbau oder im Betrieb: Bei Cupolux k\u00f6nnen Sie sich jederzeit auf die Unterst\u00fctzung durch kompetente Fachleute verlassen. Zum Beispiel bei der Tageslicht- und W\u00e4rmeberechnung aufgrund Ihrer Pl\u00e4ne oder bei der Konzeption von Rauch- und W\u00e4rmeabzugssystemen. Von der Lichtberechnung bis zum Design Wann immer Sie Fragen zu [&hellip;]\" \/>\n<meta property=\"og:url\" content=\"https:\/\/cupolux.ch\/de\/dienstleistungen\/\" \/>\n<meta property=\"og:site_name\" content=\"Cupolux\" \/>\n<meta property=\"article:modified_time\" content=\"2020-05-05T06:13:31+00:00\" \/>\n<meta name=\"twitter:card\" content=\"summary_large_image\" \/>\n<meta name=\"twitter:label1\" content=\"Gesch\u00e4tzte Lesezeit\" \/>\n\t<meta name=\"twitter:data1\" content=\"1\u00a0Minute\" \/>\n<script type=\"application\/ld+json\" class=\"yoast-schema-graph\">{\"@context\":\"https:\/\/schema.org\",\"@graph\":[{\"@type\":\"WebPage\",\"@id\":\"https:\/\/cupolux.ch\/de\/dienstleistungen\/\",\"url\":\"https:\/\/cupolux.ch\/de\/dienstleistungen\/\",\"name\":\"Dienstleistungen - Cupolux\",\"isPartOf\":{\"@id\":\"https:\/\/cupolux.ch\/de\/#website\"},\"datePublished\":\"2020-03-03T11:33:43+00:00\",\"dateModified\":\"2020-05-05T06:13:31+00:00\",\"breadcrumb\":{\"@id\":\"https:\/\/cupolux.ch\/de\/dienstleistungen\/#breadcrumb\"},\"inLanguage\":\"de-CH\",\"potentialAction\":[{\"@type\":\"ReadAction\",\"target\":[\"https:\/\/cupolux.ch\/de\/dienstleistungen\/\"]}]},{\"@type\":\"BreadcrumbList\",\"@id\":\"https:\/\/cupolux.ch\/de\/dienstleistungen\/#breadcrumb\",\"itemListElement\":[{\"@type\":\"ListItem\",\"position\":1,\"name\":\"Home\",\"item\":\"https:\/\/cupolux.ch\/de\/\"},{\"@type\":\"ListItem\",\"position\":2,\"name\":\"Dienstleistungen\"}]},{\"@type\":\"WebSite\",\"@id\":\"https:\/\/cupolux.ch\/de\/#website\",\"url\":\"https:\/\/cupolux.ch\/de\/\",\"name\":\"Cupolux\",\"description\":\"\",\"potentialAction\":[{\"@type\":\"SearchAction\",\"target\":{\"@type\":\"EntryPoint\",\"urlTemplate\":\"https:\/\/cupolux.ch\/de\/?s={search_term_string}\"},\"query-input\":{\"@type\":\"PropertyValueSpecification\",\"valueRequired\":true,\"valueName\":\"search_term_string\"}}],\"inLanguage\":\"de-CH\"}]}<\/script>\n<!-- \/ Yoast SEO plugin. -->","yoast_head_json":{"title":"Dienstleistungen - Cupolux","robots":{"index":"index","follow":"follow","max-snippet":"max-snippet:-1","max-image-preview":"max-image-preview:large","max-video-preview":"max-video-preview:-1"},"canonical":"https:\/\/cupolux.ch\/de\/dienstleistungen\/","og_locale":"de_DE","og_type":"article","og_title":"Dienstleistungen - Cupolux","og_description":"Antworten. Und langfristige Unterst\u00fctzung. Ob bei der Planung, beim Einbau oder im Betrieb: Bei Cupolux k\u00f6nnen Sie sich jederzeit auf die Unterst\u00fctzung durch kompetente Fachleute verlassen. Zum Beispiel bei der Tageslicht- und W\u00e4rmeberechnung aufgrund Ihrer Pl\u00e4ne oder bei der Konzeption von Rauch- und W\u00e4rmeabzugssystemen. Von der Lichtberechnung bis zum Design Wann immer Sie Fragen zu [&hellip;]","og_url":"https:\/\/cupolux.ch\/de\/dienstleistungen\/","og_site_name":"Cupolux","article_modified_time":"2020-05-05T06:13:31+00:00","twitter_card":"summary_large_image","twitter_misc":{"Gesch\u00e4tzte Lesezeit":"1\u00a0Minute"},"schema":{"@context":"https:\/\/schema.org","@graph":[{"@type":"WebPage","@id":"https:\/\/cupolux.ch\/de\/dienstleistungen\/","url":"https:\/\/cupolux.ch\/de\/dienstleistungen\/","name":"Dienstleistungen - Cupolux","isPartOf":{"@id":"https:\/\/cupolux.ch\/de\/#website"},"datePublished":"2020-03-03T11:33:43+00:00","dateModified":"2020-05-05T06:13:31+00:00","breadcrumb":{"@id":"https:\/\/cupolux.ch\/de\/dienstleistungen\/#breadcrumb"},"inLanguage":"de-CH","potentialAction":[{"@type":"ReadAction","target":["https:\/\/cupolux.ch\/de\/dienstleistungen\/"]}]},{"@type":"BreadcrumbList","@id":"https:\/\/cupolux.ch\/de\/dienstleistungen\/#breadcrumb","itemListElement":[{"@type":"ListItem","position":1,"name":"Home","item":"https:\/\/cupolux.ch\/de\/"},{"@type":"ListItem","position":2,"name":"Dienstleistungen"}]},{"@type":"WebSite","@id":"https:\/\/cupolux.ch\/de\/#website","url":"https:\/\/cupolux.ch\/de\/","name":"Cupolux","description":"","potentialAction":[{"@type":"SearchAction","target":{"@type":"EntryPoint","urlTemplate":"https:\/\/cupolux.ch\/de\/?s={search_term_string}"},"query-input":{"@type":"PropertyValueSpecification","valueRequired":true,"valueName":"search_term_string"}}],"inLanguage":"de-CH"}]}},"_links":{"self":[{"href":"https:\/\/cupolux.ch\/de\/wp-json\/wp\/v2\/pages\/2359","targetHints":{"allow":["GET"]}}],"collection":[{"href":"https:\/\/cupolux.ch\/de\/wp-json\/wp\/v2\/pages"}],"about":[{"href":"https:\/\/cupolux.ch\/de\/wp-json\/wp\/v2\/types\/page"}],"author":[{"embeddable":true,"href":"https:\/\/cupolux.ch\/de\/wp-json\/wp\/v2\/users\/4"}],"replies":[{"embeddable":true,"href":"https:\/\/cupolux.ch\/de\/wp-json\/wp\/v2\/comments?post=2359"}],"version-history":[{"count":6,"href":"https:\/\/cupolux.ch\/de\/wp-json\/wp\/v2\/pages\/2359\/revisions"}],"predecessor-version":[{"id":2839,"href":"https:\/\/cupolux.ch\/de\/wp-json\/wp\/v2\/pages\/2359\/revisions\/2839"}],"wp:attachment":[{"href":"https:\/\/cupolux.ch\/de\/wp-json\/wp\/v2\/media?parent=2359"}],"curies":[{"name":"wp","href":"https:\/\/api.w.org\/{rel}","templated":true}]}}