{"id":2359,"date":"2020-03-03T12:33:43","date_gmt":"2020-03-03T11:33:43","guid":{"rendered":"http:\/\/wvvlrkqwa.cyon.link\/de\/?page_id=2359"},"modified":"2020-06-29T16:03:18","modified_gmt":"2020-06-29T14:03:18","slug":"prestations-de-service","status":"publish","type":"page","link":"https:\/\/cupolux.ch\/fr\/prestations-de-service\/","title":{"rendered":"Prestations de service"},"content":{"rendered":"<div id=\"pl-2359\"  class=\"panel-layout\" ><div id=\"pg-2359-0\"  class=\"panel-grid panel-no-style\" ><div id=\"pgc-2359-0-0\"  class=\"panel-grid-cell\" ><div id=\"panel-2359-0-0-0\" class=\"so-panel widget widget_cupoluxheaderimage-widget panel-first-child panel-last-child\" data-index=\"0\" ><div\n\t\t\t\n\t\t\tclass=\"so-widget-cupoluxheaderimage-widget so-widget-cupoluxheaderimage-widget-base\"\n\t\t\t\n\t\t>\n    <div class=\"headerimage  uk-cover-container\" style=\"background-image: url(https:\/\/cupolux.ch\/fr\/wp-content\/uploads\/sites\/3\/cupolux_1_2014_334.jpg);\">\n        <div class=\"headerimageOverlay \"><\/div>\n        <div class=\"uk-overlay uk-light uk-position-bottom headerimageText\">\n            <div class=\"uk-container\">\n                <h3 class=\"headerimageTitleSmall\">A vos c\u00f4t\u00e9s.\u2028<\/h3>\n                <h1 class=\"headerimageTitle \">Pour longtemps.<\/h1>                            <\/div>\n        <\/div>\n    <\/div>\n    <\/div><\/div><\/div><\/div><div id=\"pg-2359-1\"  class=\"panel-grid panel-no-style\" ><div id=\"pgc-2359-1-0\"  class=\"panel-grid-cell\" ><div id=\"panel-2359-1-0-0\" class=\"so-panel widget widget_cupoluxcontentspacer-widget panel-first-child\" data-index=\"1\" ><div\n\t\t\t\n\t\t\tclass=\"so-widget-cupoluxcontentspacer-widget so-widget-cupoluxcontentspacer-widget-base\"\n\t\t\t\n\t\t>    <div class=\"contentspacer-large\"><\/div>\n<\/div><\/div><div id=\"panel-2359-1-0-1\" class=\"so-panel widget widget_cupoluxtextblock-widget\" data-index=\"2\" ><div\n\t\t\t\n\t\t\tclass=\"so-widget-cupoluxtextblock-widget so-widget-cupoluxtextblock-widget-base\"\n\t\t\t\n\t\t><div class=\"uk-container\">\n                            <div class=\"textblock textblock_1 textblocksize_1\">Que ce soit lors de la planification, de l\u2019installation ou de l\u2019exploitation, Cupolux met \u00e0 votre disposition des professionnels comp\u00e9tents pour vous aider d\u00e8s que vous en avez besoin. Par exemple lors du calcul de l\u2019\u00e9clairage naturel et de la chaleur sur la base de vos plans, ou lors de la conception des syst\u00e8mes d\u2019extraction de fum\u00e9e et de chaleur.<\/div>\n    <\/div>\n<\/div><\/div><div id=\"panel-2359-1-0-2\" class=\"so-panel widget widget_cupoluxcontentspacer-widget\" data-index=\"3\" ><div\n\t\t\t\n\t\t\tclass=\"so-widget-cupoluxcontentspacer-widget so-widget-cupoluxcontentspacer-widget-base\"\n\t\t\t\n\t\t>    <div class=\"contentspacer-medium\"><\/div>\n<\/div><\/div><div id=\"panel-2359-1-0-3\" class=\"so-panel widget widget_cupoluxvideo-widget\" data-index=\"4\" ><div\n\t\t\t\n\t\t\tclass=\"so-widget-cupoluxvideo-widget so-widget-cupoluxvideo-widget-base\"\n\t\t\t\n\t\t>\n        <div class=\"uk-container\">\n            <div class=\"video\">\n                <div uk-grid class=\"uk-grid-small\">\n                                                                <div class=\"videoItem  uk-width-1-2@m\" style=\"display: block\">\n                                            <img decoding=\"async\" src=\"https:\/\/cupolux.ch\/fr\/wp-content\/uploads\/sites\/3\/cupolux_1_2014_360-1.jpg\">\n                                    <\/div>\n                                            <div class=\"videoItem  uk-width-1-2@m\" style=\"display: block\">\n                                            <img decoding=\"async\" src=\"https:\/\/cupolux.ch\/fr\/wp-content\/uploads\/sites\/3\/cupolux_1_2014_123.jpg\">\n                                    <\/div>\n                                    <\/div>\n                                            <\/div>\n        <\/div>\n        <\/div><\/div><div id=\"panel-2359-1-0-4\" class=\"so-panel widget widget_cupoluxcontentspacer-widget panel-last-child\" data-index=\"5\" ><div\n\t\t\t\n\t\t\tclass=\"so-widget-cupoluxcontentspacer-widget so-widget-cupoluxcontentspacer-widget-base\"\n\t\t\t\n\t\t>    <div class=\"contentspacer-medium\"><\/div>\n<\/div><\/div><\/div><\/div><div id=\"pg-2359-2\"  class=\"panel-grid panel-has-style\" ><div class=\"pv siteorigin-panels-stretch panel-row-style panel-row-style-for-2359-2\" data-stretch-type=\"full\" ><div id=\"pgc-2359-2-0\"  class=\"panel-grid-cell\" ><div id=\"panel-2359-2-0-0\" class=\"so-panel widget widget_cupoluxproduktvorteile-widget panel-first-child\" data-index=\"6\" ><div\n\t\t\t\n\t\t\tclass=\"so-widget-cupoluxproduktvorteile-widget so-widget-cupoluxproduktvorteile-widget-base\"\n\t\t\t\n\t\t>\n                    <div class=\"uk-container uk-text-center\">\n                                    <div class=\"pvItem\">\n                        <div class=\"pvItemImg\"><img decoding=\"async\" src=\"\"><\/div>\n                        <div class=\"pvItemTitle\">Du calcul de l\u2019\u00e9clairage au design<\/div>\n                        <div class=\"pvItemText\">Si vous avez des questions sur les syst\u00e8mes de lumi\u00e8re naturelle, de ventilation et d\u2019extraction de fum\u00e9e et de chaleur, nos sp\u00e9cialistes se d\u00e9placent chez vous pour y r\u00e9pondre. En effet, rien de tel que le concret pour comprendre vos attentes et \u00e9tudier vos id\u00e9es. Ainsi, vous n\u2019aurez pas de surprises, mais la certitude que la solution Cupolux r\u00e9pond exactement \u00e0 vos attentes.<br \/>\r\n<br \/>\r\nN\u2019h\u00e9sitez pas \u00e0 nous contacter pour:<br \/>\r\n- des visites de chantiers, une visite sur place<br \/>\r\n- des concepts de r\u00e9novation<br \/>\r\n- un devis estimatif\/des offres<br \/>\r\n- des calculs d\u2019\u00e9clairage<br \/>\r\n- des conseils et des solutions d\u00e9taill\u00e9s<br \/>\r\n- une \u00e9tude de projet\/des appels d\u2019offre<br \/>\r\n- des dessins CAO<br \/>\r\n- des instructions de montage<br \/>\r\n<\/div>\n                    <\/div>\n                                        <div class=\"pvItem\">\n                        <div class=\"pvItemImg\"><img decoding=\"async\" src=\"\"><\/div>\n                        <div class=\"pvItemTitle\">Une fabrication et un entretien responsables<\/div>\n                        <div class=\"pvItemText\">Il est d\u2019une importance vitale que les syst\u00e8mes d\u2019extraction de fum\u00e9e et de chaleur fonctionnent parfaitement. Ils doivent donc \u00eatre contr\u00f4l\u00e9s et entretenus r\u00e9guli\u00e8rement. Cupolux est pr\u00e9sent dans toute la Suisse et mandate des sp\u00e9cialistes imm\u00e9diatement sur place. Prestations de garantie compl\u00e8tes, r\u00e9parations rapides, entretien responsable \u2013 pour Cupolux, c\u2019est une \u00e9vidence.<br \/>\r\n<br \/>\r\nB\u00e9n\u00e9ficiez de nos prestations de service:<br \/>\r\n- r\u00e9ception et mise en service des INEFC par un professionnel form\u00e9 (\u00e9lectricien)<br \/>\r\n- entretien des INEFC<br \/>\r\n- r\u00e9parations<br \/>\r\n- ex\u00e9cution simple et rapide<\/div>\n                    <\/div>\n                                <\/div>\n            <div class=\"contentspacer-small\"><\/div>\n        \n        <\/div><\/div><div id=\"panel-2359-2-0-1\" class=\"so-panel widget widget_cupoluxcontentspacer-widget\" data-index=\"7\" ><div\n\t\t\t\n\t\t\tclass=\"so-widget-cupoluxcontentspacer-widget so-widget-cupoluxcontentspacer-widget-base\"\n\t\t\t\n\t\t>    <div class=\"contentspacer-verysmall\"><\/div>\n<\/div><\/div><div id=\"panel-2359-2-0-2\" class=\"so-panel widget widget_cupoluxbutton-widget\" data-index=\"8\" ><div\n\t\t\t\n\t\t\tclass=\"so-widget-cupoluxbutton-widget so-widget-cupoluxbutton-widget-base\"\n\t\t\t\n\t\t>        <div class=\"uk-container uk-text-center button button_2\"><a  href=\"https:\/\/cupolux.ch\/fr\/funktionzubehoer\/rwa\/\">En savoir plus sur l\u2019extraction de fum\u00e9e et de chaleur (INEFC)<\/a><\/div>\n        <\/div><\/div><div id=\"panel-2359-2-0-3\" class=\"so-panel widget widget_cupoluxcontentspacer-widget panel-last-child\" data-index=\"9\" ><div\n\t\t\t\n\t\t\tclass=\"so-widget-cupoluxcontentspacer-widget so-widget-cupoluxcontentspacer-widget-base\"\n\t\t\t\n\t\t>    <div class=\"contentspacer-large\"><\/div>\n<\/div><\/div><\/div><\/div><\/div><\/div>","protected":false},"excerpt":{"rendered":"<p>A vos c\u00f4t\u00e9s.\u2028 Pour longtemps. Que ce soit lors de la planification, de l\u2019installation ou de l\u2019exploitation, Cupolux met \u00e0 votre disposition des professionnels comp\u00e9tents pour vous aider d\u00e8s que vous en avez besoin. Par exemple lors du calcul de l\u2019\u00e9clairage naturel et de la chaleur sur la base de vos plans, ou lors de [&hellip;]<\/p>\n","protected":false},"author":4,"featured_media":0,"parent":0,"menu_order":35,"comment_status":"closed","ping_status":"closed","template":"","meta":{"footnotes":""},"class_list":["post-2359","page","type-page","status-publish","hentry"],"yoast_head":"<!-- This site is optimized with the Yoast SEO plugin v26.0 - https:\/\/yoast.com\/wordpress\/plugins\/seo\/ -->\n<title>Prestations de service - Cupolux FR<\/title>\n<meta name=\"robots\" content=\"index, follow, max-snippet:-1, max-image-preview:large, max-video-preview:-1\" \/>\n<link rel=\"canonical\" href=\"https:\/\/cupolux.ch\/fr\/prestations-de-service\/\" \/>\n<meta property=\"og:locale\" content=\"fr_FR\" \/>\n<meta property=\"og:type\" content=\"article\" \/>\n<meta property=\"og:title\" content=\"Prestations de service - Cupolux FR\" \/>\n<meta property=\"og:description\" content=\"A vos c\u00f4t\u00e9s.\u2028 Pour longtemps. Que ce soit lors de la planification, de l\u2019installation ou de l\u2019exploitation, Cupolux met \u00e0 votre disposition des professionnels comp\u00e9tents pour vous aider d\u00e8s que vous en avez besoin. Par exemple lors du calcul de l\u2019\u00e9clairage naturel et de la chaleur sur la base de vos plans, ou lors de [&hellip;]\" \/>\n<meta property=\"og:url\" content=\"https:\/\/cupolux.ch\/fr\/prestations-de-service\/\" \/>\n<meta property=\"og:site_name\" content=\"Cupolux FR\" \/>\n<meta property=\"article:modified_time\" content=\"2020-06-29T14:03:18+00:00\" \/>\n<meta name=\"twitter:card\" content=\"summary_large_image\" \/>\n<meta name=\"twitter:label1\" content=\"Dur\u00e9e de lecture estim\u00e9e\" \/>\n\t<meta name=\"twitter:data1\" content=\"1 minute\" \/>\n<script type=\"application\/ld+json\" class=\"yoast-schema-graph\">{\"@context\":\"https:\/\/schema.org\",\"@graph\":[{\"@type\":\"WebPage\",\"@id\":\"https:\/\/cupolux.ch\/fr\/prestations-de-service\/\",\"url\":\"https:\/\/cupolux.ch\/fr\/prestations-de-service\/\",\"name\":\"Prestations de service - Cupolux FR\",\"isPartOf\":{\"@id\":\"https:\/\/cupolux.ch\/fr\/#website\"},\"datePublished\":\"2020-03-03T11:33:43+00:00\",\"dateModified\":\"2020-06-29T14:03:18+00:00\",\"breadcrumb\":{\"@id\":\"https:\/\/cupolux.ch\/fr\/prestations-de-service\/#breadcrumb\"},\"inLanguage\":\"fr-FR\",\"potentialAction\":[{\"@type\":\"ReadAction\",\"target\":[\"https:\/\/cupolux.ch\/fr\/prestations-de-service\/\"]}]},{\"@type\":\"BreadcrumbList\",\"@id\":\"https:\/\/cupolux.ch\/fr\/prestations-de-service\/#breadcrumb\",\"itemListElement\":[{\"@type\":\"ListItem\",\"position\":1,\"name\":\"Home\",\"item\":\"https:\/\/cupolux.ch\/fr\/\"},{\"@type\":\"ListItem\",\"position\":2,\"name\":\"Prestations de service\"}]},{\"@type\":\"WebSite\",\"@id\":\"https:\/\/cupolux.ch\/fr\/#website\",\"url\":\"https:\/\/cupolux.ch\/fr\/\",\"name\":\"Cupolux FR\",\"description\":\"\",\"potentialAction\":[{\"@type\":\"SearchAction\",\"target\":{\"@type\":\"EntryPoint\",\"urlTemplate\":\"https:\/\/cupolux.ch\/fr\/?s={search_term_string}\"},\"query-input\":{\"@type\":\"PropertyValueSpecification\",\"valueRequired\":true,\"valueName\":\"search_term_string\"}}],\"inLanguage\":\"fr-FR\"}]}<\/script>\n<!-- \/ Yoast SEO plugin. -->","yoast_head_json":{"title":"Prestations de service - Cupolux FR","robots":{"index":"index","follow":"follow","max-snippet":"max-snippet:-1","max-image-preview":"max-image-preview:large","max-video-preview":"max-video-preview:-1"},"canonical":"https:\/\/cupolux.ch\/fr\/prestations-de-service\/","og_locale":"fr_FR","og_type":"article","og_title":"Prestations de service - Cupolux FR","og_description":"A vos c\u00f4t\u00e9s.\u2028 Pour longtemps. Que ce soit lors de la planification, de l\u2019installation ou de l\u2019exploitation, Cupolux met \u00e0 votre disposition des professionnels comp\u00e9tents pour vous aider d\u00e8s que vous en avez besoin. Par exemple lors du calcul de l\u2019\u00e9clairage naturel et de la chaleur sur la base de vos plans, ou lors de [&hellip;]","og_url":"https:\/\/cupolux.ch\/fr\/prestations-de-service\/","og_site_name":"Cupolux FR","article_modified_time":"2020-06-29T14:03:18+00:00","twitter_card":"summary_large_image","twitter_misc":{"Dur\u00e9e de lecture estim\u00e9e":"1 minute"},"schema":{"@context":"https:\/\/schema.org","@graph":[{"@type":"WebPage","@id":"https:\/\/cupolux.ch\/fr\/prestations-de-service\/","url":"https:\/\/cupolux.ch\/fr\/prestations-de-service\/","name":"Prestations de service - Cupolux FR","isPartOf":{"@id":"https:\/\/cupolux.ch\/fr\/#website"},"datePublished":"2020-03-03T11:33:43+00:00","dateModified":"2020-06-29T14:03:18+00:00","breadcrumb":{"@id":"https:\/\/cupolux.ch\/fr\/prestations-de-service\/#breadcrumb"},"inLanguage":"fr-FR","potentialAction":[{"@type":"ReadAction","target":["https:\/\/cupolux.ch\/fr\/prestations-de-service\/"]}]},{"@type":"BreadcrumbList","@id":"https:\/\/cupolux.ch\/fr\/prestations-de-service\/#breadcrumb","itemListElement":[{"@type":"ListItem","position":1,"name":"Home","item":"https:\/\/cupolux.ch\/fr\/"},{"@type":"ListItem","position":2,"name":"Prestations de service"}]},{"@type":"WebSite","@id":"https:\/\/cupolux.ch\/fr\/#website","url":"https:\/\/cupolux.ch\/fr\/","name":"Cupolux FR","description":"","potentialAction":[{"@type":"SearchAction","target":{"@type":"EntryPoint","urlTemplate":"https:\/\/cupolux.ch\/fr\/?s={search_term_string}"},"query-input":{"@type":"PropertyValueSpecification","valueRequired":true,"valueName":"search_term_string"}}],"inLanguage":"fr-FR"}]}},"_links":{"self":[{"href":"https:\/\/cupolux.ch\/fr\/wp-json\/wp\/v2\/pages\/2359","targetHints":{"allow":["GET"]}}],"collection":[{"href":"https:\/\/cupolux.ch\/fr\/wp-json\/wp\/v2\/pages"}],"about":[{"href":"https:\/\/cupolux.ch\/fr\/wp-json\/wp\/v2\/types\/page"}],"author":[{"embeddable":true,"href":"https:\/\/cupolux.ch\/fr\/wp-json\/wp\/v2\/users\/4"}],"replies":[{"embeddable":true,"href":"https:\/\/cupolux.ch\/fr\/wp-json\/wp\/v2\/comments?post=2359"}],"version-history":[{"count":6,"href":"https:\/\/cupolux.ch\/fr\/wp-json\/wp\/v2\/pages\/2359\/revisions"}],"predecessor-version":[{"id":3754,"href":"https:\/\/cupolux.ch\/fr\/wp-json\/wp\/v2\/pages\/2359\/revisions\/3754"}],"wp:attachment":[{"href":"https:\/\/cupolux.ch\/fr\/wp-json\/wp\/v2\/media?parent=2359"}],"curies":[{"name":"wp","href":"https:\/\/api.w.org\/{rel}","templated":true}]}}